{"id":11502,"date":"2019-03-21T15:20:48","date_gmt":"2019-03-21T20:20:48","guid":{"rendered":"https:\/\/julioperezferrero.edu.co\/web\/?page_id=11502"},"modified":"2022-08-30T15:27:54","modified_gmt":"2022-08-30T20:27:54","slug":"nuestro-colegio","status":"publish","type":"page","link":"https:\/\/julioperezferrero.edu.co\/web\/nuestro-colegio\/","title":{"rendered":"Nuestro Colegio"},"content":{"rendered":"<div class=\"wpb-content-wrapper\"><p>[vc_row][vc_column]<div class=\"thim-widget-heading template-base\"><div class=\"sc_heading  text-center\"><h3 style=\"font-size:35px;font-weight:600;\" class=\"title\">Informaci\u00f3n <strong>Institucional<\/strong><\/h3><\/div><\/div>[\/vc_column][\/vc_row][vc_row css=\u00bb.vc_custom_1559531433775{margin-bottom: 15px !important;}\u00bb][vc_column width=\u00bb5\/12&#8243; css=\u00bb.vc_custom_1553219212365{margin-bottom: 30px !important;}\u00bb][vc_column_text]<\/p>\n<h3 class=\"thim-text-title\">Misi\u00f3n<\/h3>\n<p>La Instituci\u00f3n Educativa Julio P\u00e9rez Ferrero, de car\u00e1cter oficial, ofrece un servicio educativo incluyente de alta calidad en los niveles de Pre-escolar, B\u00e1sica y Media T\u00e9cnica, apoyado en el liderazgo de su personal directivo, docente y administrativo. Educaci\u00f3n formal para j\u00f3venes y adultos, que propende por la formaci\u00f3n integral del ser, orientado al desarrollo de competencias cient\u00edficas, tecnol\u00f3gicas, ambientales, ciudadanas y laborales desde un enfoque de Ense\u00f1anza para la Comprensi\u00f3n; para fortalecer el proyecto de vida de sus educandos, basado en el respeto a los derechos humanos, la paz y los principios democr\u00e1ticos de: pluralidad, convivencia, justicia, solidaridad, equidad y productividad[\/vc_column_text][\/vc_column][vc_column width=\u00bb7\/12&#8243; css=\u00bb.vc_custom_1553219224890{margin-bottom: 30px !important;}\u00bb][vc_column_text]<\/p>\n<h3 class=\"thim-text-title\">Visi\u00f3n<\/h3>\n<p>En el a\u00f1o 2022 ser la instituci\u00f3n educativa reconocida por su liderazgo, alta calidad pedag\u00f3gica en la formaci\u00f3n t\u00e9cnica, apoyada en el talento humano y ambientes de aprendizaje que permitan el desarrollo de competencias para proyectar ciudadanos cr\u00edticos, responsables y productivos que participen en la construcci\u00f3n de una sociedad m\u00e1s justa e incluyente.[\/vc_column_text][\/vc_column][\/vc_row][vc_row][vc_column][vc_tta_tabs][vc_tta_section title=\u00bbRESE\u00d1A\u00bb tab_id=\u00bb1553201553639-a4a157b2-0618&#8243;][vc_column_text]La secretar\u00eda de Educaci\u00f3n Municipal en 1944 crea la Escuela No. 10 Julio P\u00e9rez en honor a nuestro periodista maestro e historiadoR Norte Santandereano Julio Augusto P\u00e9rez Ferrero, ubicada en la avenida 19 No. 11-22 barrio Cundinamarca. En el a\u00f1o 2.000 cambia de raz\u00f3n social a Colegio B\u00e1sico Julio P\u00e9rez Ferrero, seg\u00fan resoluci\u00f3n No. 00127 del 25 de Febrero de 2.000, posteriormente se dio la creaci\u00f3n del Colegio B\u00e1sico Julio P\u00e9rez Ferrero, seg\u00fan el decreto 00979 de Diciembre 18 de 2.001; seguidamente la instituci\u00f3n sufri\u00f3 varios cambios quedando como una de las sedes del Instituto T\u00e9cnico Misael Pastrana Borrero, en el a\u00f1o 2002 y luego pas\u00f3 a ser Sede del Colegio Alejandro Guti\u00e9rrez Calder\u00f3n. Luego se cre\u00f3 la Instituci\u00f3n Educativa Julio P\u00e9rez Ferrero seg\u00fan decreto 00767 del 21 de Julio de 2003 emanado de la Secretar\u00eda de Educaci\u00f3n Departamental, fusionado con los centros Educativos Colegio Julio P\u00e9rez Ferrero y la Escuela San Miguel No. 13, la cual fue creada en el a\u00f1o 1969 ubicada en la calle 9 No. 16-47 del barrio San Miguel quien hab\u00eda sido fusionado con el colegio Rafael Garc\u00eda Herreros.Por decreto 0012 del 07 de Enero de 2010, se fusion\u00f3 el Instituto T\u00e9cnico Padre Eladio Agudelo Paz y Futuro y el Colegio Julio P\u00e9rez Ferrero, dentro del mismo decreto se modific\u00f3 la denominaci\u00f3n del colegio a Instituto T\u00e9cnico Julio P\u00e9rez Ferrero Paz y Futuro, constituida en tres sedes:SEDE UNO: Av. 19 No. 11-22 barrio Cundinamarca.<br \/>\nSEDE DOS. Cl 9 No. 16-47 Barrio San Miguel.<br \/>\nSEDE TRES. Av. 23 No. 15\u00aa-12 Barrio Nuevo Horizonte.Por decreto 0060 del 27 de enero de 2010 fue fusionado el Instituto T\u00e9cnico Padre \u00c1lvaro Guti\u00e9rrez Paz y Futuro denominado SEDE CUATRO. Ubicada en la Av. 29 No. 15-129 Barrio Sim\u00f3n Bol\u00edvar al Instituto T\u00e9cnico Julio P\u00e9rez Ferrero Paz y Futuro.[\/vc_column_text][\/vc_tta_section][vc_tta_section title=\u00bbMAPA DE PROCESOS\u00bb tab_id=\u00bb1553201553661-4cb8a9a4-11b5&#8243;][vc_column_text]<img loading=\"lazy\" decoding=\"async\" class=\"aligncenter\" src=\"https:\/\/julioperezferrero.edu.co\/web\/wp-content\/uploads\/2019\/06\/Mapa-de-procesos-1-1024x982-1024x982.jpg\" width=\"549\" height=\"527\" \/>[\/vc_column_text][\/vc_tta_section][vc_tta_section title=\u00bbFILOSOFIA\u00bb tab_id=\u00bb1553202116208-8d028f78-28a5&#8243;][vc_column_text]La Instituci\u00f3n Educativa Julio P\u00e9rez Ferrero, de car\u00e1cter oficial, busca la formaci\u00f3n integral de sus educandos fundament\u00e1ndose en los principios de responsabilidad, convivencia, democracia, conocimiento y productividad, potenciando el conocimiento cient\u00edfico, tecnol\u00f3gico, ambiental y el pleno desarrollo como agentes transformadores de la sociedad.<\/p>\n<p>La Instituci\u00f3n Educativa proyecta orientar al estudiante hacia la responsabilidad, que le garantice un desempe\u00f1o eficaz en el campo laboral, profesional y personal, que pretende desarrollar una formaci\u00f3n en la que se conciba adquirir conciencia de su realidad concreta, necesaria para asumir un proceso de convivencia, importante para afrontar los retos de la sociedad a la cual pertenece, interiorizando valores, que le permitan entender la paz como un principio y vivenciarla con cada uno de los miembros de la comunidad de la cual forma parte. La Instituci\u00f3n educa en la democracia, para que el estudiante sea un ser activo, exponiendo sus ideas y opiniones, adquiriendo poder de decisi\u00f3n y convicci\u00f3n, siendo reflexivo, respetuoso y cr\u00edtico.[\/vc_column_text][\/vc_tta_section][vc_tta_section title=\u00bbPRINCIPIOS Y VALORES\u00bb tab_id=\u00bb1553203450656-a52e943b-1e54&#8243;][vc_column_text]<strong>PRINCIPIOS<\/strong><\/p>\n<p>Para la instituci\u00f3n educativa son pilares fundantes los siguientes principios, los cuales nos encaminan hacia un desempe\u00f1o personal competente en el campo laboral, profesional, con valores que conllevan al pleno desarrollo del ser. Por ello la Instituci\u00f3n Educativo pretende oriental al educando hacia la responsabilidad, que le garantice un desempe\u00f1o eficaz en el campo laboral profesional y personal.<\/p>\n<p>Se pretende formar al educando, en un estado de conciencia que le sirva para convivir, competir y enfrentar la sociedad a la cual pertenece con valores, que le permitan la convivencia pac\u00edfica con cada uno de los miembros de la comunidad de la cual forma parte.<\/p>\n<p>Se forma en la democracia, para que sea un ser activo, exponiendo sus ideas y opiniones, eligiendo con certeza, siendo reflexivo y cr\u00edtico y que respete las ideas de sus opositores.<\/p>\n<p>Se busca formar en el conocimiento cient\u00edfico, orientado hacia la productividad favoreciendo el desarrollo integral de la persona y proyectando sus pre-saberes y saberes en el desempe\u00f1o laboral o profesional.<\/p>\n<p><strong>VALORES<\/strong><\/p>\n<p>La Instituci\u00f3n Educativa Julio P\u00e9rez Ferrero, promueve la vivencia de los siguientes valores institucionales:<\/p>\n<p>1.Trabajo. Por una sociedad m\u00e1s justa y en paz para dignificar integralmente a las personas en un ambiente de justicia y solidaridad.<\/p>\n<p>2.Un servicio incondicional. Como hijos e hijas de Dios, inspirados en los valores del Evangelio, cultivamos y vivimos el valor del servicio con todas las personas que reciben las gracias y los beneficios de los proyectos<\/p>\n<p>3. Solidaridad con el m\u00e1s necesitado. Como Disc\u00edpulos Misioneros trabajamos en comuni\u00f3n, sentimos y somos solidarios, desde y con el coraz\u00f3n, por las necesidades urgentes e imprescindibles de las comunidades, en especial de los hombres y mujeres que gritan palabras de dolor, anhelan esperanzas de vida y sue\u00f1an con un espacio de justicia, fraternidad y paz.<\/p>\n<p>4.Una utop\u00eda hecha realidad en comuni\u00f3n. Como laicos comprometidos, compartimos nuestro proyecto de vida. Somos Signos y testimonio de una Iglesia nueva que camina en comuni\u00f3n, respeta las diferencias y construye el Reino de Dios entre los m\u00e1s pobres.<\/p>\n<p>5.Justicia e igualdad para todos. La cultura globalizante y la realidad colombiana nos azotan con l\u00f3gicas que destruyen la vida de la persona. Por eso la respuesta oportuna a los desaf\u00edos del hoy, nos lleva a seguir el ritmo de la historia, a vivirlo con equilibrio, justicia e igualdad para todos y a proclamar firmemente que la vida es un don dado por Dios.<\/p>\n<p>6.Productividad que dignifica y libera. Porque tenemos un compromiso social y cristiano, promovemos la productividad que dignifica, libera, genera desarrollo y Calidad de vida.<\/p>\n<p>7.Lealtad y fidelidad al proyecto Educativo Institucional. Porque creemos y amamos los principios del proyecto corporativo, vivimos la lealtad en la pertenencia y el compromiso diario del trabajo. \u201cSomos fieles a un sue\u00f1o que se hizo realidad en hombres y mujeres llamados y elegidos por Dios\u201d.<\/p>\n<p>8.Buscamos la Tolerancia en el reconocimiento del otro. En el reconocimiento del otro como persona, buscamos y vivimos la tolerancia en el escuchar, dialogar, respetar, comprender y aceptar las diferencias de pensamiento y actitudes de vida.<\/p>\n<p>9.Amor, columna vertebral de nuestro proyecto. Como hombres y mujeres, disc\u00edpulos Misioneros- llamados a una vocaci\u00f3n cristiana caminamos en la b\u00fasqueda del amor fraternal como la plenitud de la convivencia, la misericordia, la amabilidad y el di\u00e1logo.[\/vc_column_text][\/vc_tta_section][vc_tta_section title=\u00bbCALIDAD\u00bb tab_id=\u00bb1560618015823-baf4f5fb-59e2&#8243;][vc_column_text]<strong>POLITICA DE CALIDAD<\/strong><\/p>\n<p>La Instituci\u00f3n Educativa Julio P\u00e9rez Ferrero, comprometida con la formaci\u00f3n integral del ser, ofrece un servicio educativo de alta calidad pedag\u00f3gica e incluyente en los niveles de Pre-escolar, b\u00e1sica, Media T\u00e9cnica y de educaci\u00f3n de Adultos, mediante la implementaci\u00f3n del SGC y el enfoque Ense\u00f1anza para la Comprensi\u00f3n, desarrollada por personal id\u00f3neo y competente que busca mejorar continuamente sus procesos en cumplimiento del marco legal vigente y obtener un nivel de satisfacci\u00f3n que sobrepase las necesidades y expectativas de su poblaci\u00f3n a fin de contribuir en el fortalecimiento del proyecto de vida.<\/p>\n<h4><strong>Factores clave de \u00e9xito<\/strong><\/h4>\n<p>Servicio educativo incluyente.<\/p>\n<p>Servicio educativo de alta calidad.<\/p>\n<p>Formaci\u00f3n Media T\u00e9cnica con diferentes especialidades en convenio con el SENA, FESC y CTC.<\/p>\n<p>Liderazgo en el equipo directivo, docente y administrativo.<\/p>\n<p>Participaci\u00f3n activa de directivos, docentes y estudiantes en escenarios acad\u00e9micos, culturales y deportivos a nivel local, nacional e internacional.<\/p>\n<h4><strong><br \/>\nValor agregado<\/strong><\/h4>\n<p>Sinergia en los diferentes equipos institucionales y alto nivel propositivo.<\/p>\n<p>Liderazgo pedag\u00f3gico institucional y socio cultural.<\/p>\n<p>Pol\u00edtica institucional abierta a la inclusi\u00f3n e interculturalidad.<\/p>\n<p>Enfoque pedag\u00f3gico pertinente, contextualizado e incluyente.<\/p>\n<p>M\u00faltiples Convenios Interinstitucionales con organizaciones gubernamentales y no gubernamentales.<\/p>\n<p><strong>OBJETIVOS DE CALIDAD<\/strong><\/p>\n<ol>\n<li>Optimizar continuamente sus procesos incrementando el nivel de satisfacci\u00f3n en los miembros de la comunidad educativa.<\/li>\n<li>Garantizar la formaci\u00f3n integral del ser con calidad t\u00e9cnica, pedag\u00f3gica e incluyente.<\/li>\n<li>Fortalecer el nivel de desempe\u00f1o de sus colaboradores y administrar adecuadamente los recursos para garantizar buen uso de los mismos, incrementando su vida \u00fatil.<\/li>\n<li>Mejorar la calidad de vida de su poblaci\u00f3n mediante la administraci\u00f3n del riesgo.<\/li>\n<li>Promover la construcci\u00f3n colectiva del proyecto de vida, para que transforme las realidades en la que est\u00e1n inmersos los integrantes de la comunidad educativa.<\/li>\n<\/ol>\n<p>[\/vc_column_text][\/vc_tta_section][\/vc_tta_tabs][\/vc_column][\/vc_row]<\/p>\n<\/div>","protected":false},"excerpt":{"rendered":"<p>[vc_row][vc_column][\/vc_column][\/vc_row][vc_row css=\u00bb.vc_custom_1559531433775{margin-bottom: 15px !important;}\u00bb][vc_column width=\u00bb5\/12&#8243; css=\u00bb.vc_custom_1553219212365{margin-bottom: 30px !important;}\u00bb][vc_column_text] Misi\u00f3n La Instituci\u00f3n Educativa Julio P\u00e9rez Ferrero, de car\u00e1cter oficial, ofrece un servicio educativo incluyente de alta calidad en los niveles de Pre-escolar, B\u00e1sica y Media T\u00e9cnica, apoyado en el liderazgo de &hellip; <\/p>\n","protected":false},"author":1,"featured_media":0,"parent":0,"menu_order":0,"comment_status":"closed","ping_status":"closed","template":"","meta":{"footnotes":""},"class_list":["post-11502","page","type-page","status-publish","hentry"],"_links":{"self":[{"href":"https:\/\/julioperezferrero.edu.co\/web\/wp-json\/wp\/v2\/pages\/11502","targetHints":{"allow":["GET"]}}],"collection":[{"href":"https:\/\/julioperezferrero.edu.co\/web\/wp-json\/wp\/v2\/pages"}],"about":[{"href":"https:\/\/julioperezferrero.edu.co\/web\/wp-json\/wp\/v2\/types\/page"}],"author":[{"embeddable":true,"href":"https:\/\/julioperezferrero.edu.co\/web\/wp-json\/wp\/v2\/users\/1"}],"replies":[{"embeddable":true,"href":"https:\/\/julioperezferrero.edu.co\/web\/wp-json\/wp\/v2\/comments?post=11502"}],"version-history":[{"count":6,"href":"https:\/\/julioperezferrero.edu.co\/web\/wp-json\/wp\/v2\/pages\/11502\/revisions"}],"predecessor-version":[{"id":12046,"href":"https:\/\/julioperezferrero.edu.co\/web\/wp-json\/wp\/v2\/pages\/11502\/revisions\/12046"}],"wp:attachment":[{"href":"https:\/\/julioperezferrero.edu.co\/web\/wp-json\/wp\/v2\/media?parent=11502"}],"curies":[{"name":"wp","href":"https:\/\/api.w.org\/{rel}","templated":true}]}}